{"id":3119,"date":"2025-11-18T22:52:25","date_gmt":"2025-11-18T22:52:25","guid":{"rendered":"https:\/\/www.natcopharma.ca\/?page_id=3119"},"modified":"2026-02-24T14:48:22","modified_gmt":"2026-02-24T14:48:22","slug":"careers","status":"publish","type":"page","link":"https:\/\/www.natcopharma.ca\/fr\/contact\/careers\/","title":{"rendered":"Carri\u00e8res"},"content":{"rendered":"[vc_row][vc_column][vc_column_text]\n<h2 class=\"inner-h2\">Rejoignez notre \u00e9quipe formidable. Natco est une enterprise reconnue pour sa confiance, sa fiabilit\u00e9, son engagement et son esprit d&rsquo;innovation.<\/h2>\n[\/vc_column_text][vc_empty_space][\/vc_column][\/vc_row][vc_row][vc_column width=\u00a0\u00bb3\/4&Prime;][vc_column_text]<!--<\/p>\n\n\n\n\n<p class=\"inner-h2\" style=\"color: #204a99;\"><strong>Position<\/strong><\/p>\n\n\n\n\n<p>-->[\/vc_column_text][\/vc_column][vc_column width=\u00a0\u00bb1\/4&Prime;][\/vc_column][\/vc_row][vc_row][vc_column][vc_empty_space height=\u00a0\u00bb100px\u00a0\u00bb][\/vc_column][\/vc_row]","protected":false},"excerpt":{"rendered":"<p>[vc_row][vc_column][vc_column_text] Rejoignez notre \u00e9quipe formidable. Natco est une enterprise reconnue pour sa confiance, sa fiabilit\u00e9, son engagement et son esprit d&rsquo;innovation. [\/vc_column_text][vc_empty_space][\/vc_column][\/vc_row][vc_row][vc_column width=\u00a0\u00bb3\/4&Prime;][vc_column_text][\/vc_column_text][\/vc_column][vc_column width=\u00a0\u00bb1\/4&Prime;][\/vc_column][\/vc_row][vc_row][vc_column][vc_empty_space height=\u00a0\u00bb100px\u00a0\u00bb][\/vc_column][\/vc_row]<\/p>\n","protected":false},"author":4,"featured_media":0,"parent":717,"menu_order":0,"comment_status":"closed","ping_status":"closed","template":"","meta":[],"yoast_head":"<!-- This site is optimized with the Yoast SEO plugin v18.8 - https:\/\/yoast.com\/wordpress\/plugins\/seo\/ -->\n<title>Carri\u00e8res - Natco Pharma (Canada) Inc.<\/title>\n<meta name=\"robots\" content=\"index, follow, max-snippet:-1, max-image-preview:large, max-video-preview:-1\" \/>\n<link rel=\"canonical\" href=\"https:\/\/www.natcopharma.ca\/contact\/careers\/\" \/>\n<meta property=\"og:locale\" content=\"fr_FR\" \/>\n<meta property=\"og:type\" content=\"article\" \/>\n<meta property=\"og:title\" content=\"[:en]Careers[:fr]Carri\u00e8res[:] - Natco Pharma (Canada) Inc.\" \/>\n<meta property=\"og:description\" content=\"[vc_row][vc_column][vc_column_text] Rejoignez notre \u00e9quipe formidable. Natco est une enterprise reconnue pour sa confiance, sa fiabilit\u00e9, son engagement et son esprit d&rsquo;innovation. [\/vc_column_text][vc_empty_space][\/vc_column][\/vc_row][vc_row][vc_column width=\u00a0\u00bb3\/4&Prime;][vc_column_text][\/vc_column_text][\/vc_column][vc_column width=\u00a0\u00bb1\/4&Prime;][\/vc_column][\/vc_row][vc_row][vc_column][vc_empty_space height=\u00a0\u00bb100px\u00a0\u00bb][\/vc_column][\/vc_row]\" \/>\n<meta property=\"og:url\" content=\"https:\/\/www.natcopharma.ca\/contact\/careers\/\" \/>\n<meta property=\"og:site_name\" content=\"Natco Pharma (Canada) Inc.\" \/>\n<meta property=\"article:modified_time\" content=\"2026-02-24T14:48:22+00:00\" \/>\n<meta name=\"twitter:card\" content=\"summary_large_image\" \/>\n<meta name=\"twitter:label1\" content=\"Dur\u00e9e de lecture estim\u00e9e\" \/>\n\t<meta name=\"twitter:data1\" content=\"1 minute\" \/>\n<script type=\"application\/ld+json\" class=\"yoast-schema-graph\">{\"@context\":\"https:\/\/schema.org\",\"@graph\":[{\"@type\":\"WebSite\",\"@id\":\"https:\/\/www.natcopharma.ca\/#website\",\"url\":\"https:\/\/www.natcopharma.ca\/\",\"name\":\"Natco Pharma (Canada) Inc.\",\"description\":\"Canada&#039;s High Quality Pharmaceutical Supplier\",\"potentialAction\":[{\"@type\":\"SearchAction\",\"target\":{\"@type\":\"EntryPoint\",\"urlTemplate\":\"https:\/\/www.natcopharma.ca\/?s={search_term_string}\"},\"query-input\":\"required name=search_term_string\"}],\"inLanguage\":\"fr-FR\"},{\"@type\":\"WebPage\",\"@id\":\"https:\/\/www.natcopharma.ca\/contact\/careers\/#webpage\",\"url\":\"https:\/\/www.natcopharma.ca\/contact\/careers\/\",\"name\":\"[:en]Careers[:fr]Carri\u00e8res[:] - Natco Pharma (Canada) Inc.\",\"isPartOf\":{\"@id\":\"https:\/\/www.natcopharma.ca\/#website\"},\"datePublished\":\"2025-11-18T22:52:25+00:00\",\"dateModified\":\"2026-02-24T14:48:22+00:00\",\"breadcrumb\":{\"@id\":\"https:\/\/www.natcopharma.ca\/contact\/careers\/#breadcrumb\"},\"inLanguage\":\"fr-FR\",\"potentialAction\":[{\"@type\":\"ReadAction\",\"target\":[\"https:\/\/www.natcopharma.ca\/contact\/careers\/\"]}]},{\"@type\":\"BreadcrumbList\",\"@id\":\"https:\/\/www.natcopharma.ca\/contact\/careers\/#breadcrumb\",\"itemListElement\":[{\"@type\":\"ListItem\",\"position\":1,\"name\":\"Home\",\"item\":\"https:\/\/www.natcopharma.ca\/\"},{\"@type\":\"ListItem\",\"position\":2,\"name\":\"Contact\",\"item\":\"https:\/\/www.natcopharma.ca\/contact\/\"},{\"@type\":\"ListItem\",\"position\":3,\"name\":\"Careers\"}]}]}<\/script>\n<!-- \/ Yoast SEO plugin. -->","yoast_head_json":{"title":"[:en]Careers[:fr]Carri\u00e8res[:] - Natco Pharma (Canada) Inc.","robots":{"index":"index","follow":"follow","max-snippet":"max-snippet:-1","max-image-preview":"max-image-preview:large","max-video-preview":"max-video-preview:-1"},"canonical":"https:\/\/www.natcopharma.ca\/contact\/careers\/","og_locale":"fr_FR","og_type":"article","og_title":"[:en]Careers[:fr]Carri\u00e8res[:] - Natco Pharma (Canada) Inc.","og_description":"[vc_row][vc_column][vc_column_text] Rejoignez notre \u00e9quipe formidable. Natco est une enterprise reconnue pour sa confiance, sa fiabilit\u00e9, son engagement et son esprit d&rsquo;innovation. [\/vc_column_text][vc_empty_space][\/vc_column][\/vc_row][vc_row][vc_column width=\u00a0\u00bb3\/4&Prime;][vc_column_text][\/vc_column_text][\/vc_column][vc_column width=\u00a0\u00bb1\/4&Prime;][\/vc_column][\/vc_row][vc_row][vc_column][vc_empty_space height=\u00a0\u00bb100px\u00a0\u00bb][\/vc_column][\/vc_row]","og_url":"https:\/\/www.natcopharma.ca\/contact\/careers\/","og_site_name":"Natco Pharma (Canada) Inc.","article_modified_time":"2026-02-24T14:48:22+00:00","twitter_card":"summary_large_image","twitter_misc":{"Dur\u00e9e de lecture estim\u00e9e":"1 minute"},"schema":{"@context":"https:\/\/schema.org","@graph":[{"@type":"WebSite","@id":"https:\/\/www.natcopharma.ca\/#website","url":"https:\/\/www.natcopharma.ca\/","name":"Natco Pharma (Canada) Inc.","description":"Canada&#039;s High Quality Pharmaceutical Supplier","potentialAction":[{"@type":"SearchAction","target":{"@type":"EntryPoint","urlTemplate":"https:\/\/www.natcopharma.ca\/?s={search_term_string}"},"query-input":"required name=search_term_string"}],"inLanguage":"fr-FR"},{"@type":"WebPage","@id":"https:\/\/www.natcopharma.ca\/contact\/careers\/#webpage","url":"https:\/\/www.natcopharma.ca\/contact\/careers\/","name":"[:en]Careers[:fr]Carri\u00e8res[:] - Natco Pharma (Canada) Inc.","isPartOf":{"@id":"https:\/\/www.natcopharma.ca\/#website"},"datePublished":"2025-11-18T22:52:25+00:00","dateModified":"2026-02-24T14:48:22+00:00","breadcrumb":{"@id":"https:\/\/www.natcopharma.ca\/contact\/careers\/#breadcrumb"},"inLanguage":"fr-FR","potentialAction":[{"@type":"ReadAction","target":["https:\/\/www.natcopharma.ca\/contact\/careers\/"]}]},{"@type":"BreadcrumbList","@id":"https:\/\/www.natcopharma.ca\/contact\/careers\/#breadcrumb","itemListElement":[{"@type":"ListItem","position":1,"name":"Home","item":"https:\/\/www.natcopharma.ca\/"},{"@type":"ListItem","position":2,"name":"Contact","item":"https:\/\/www.natcopharma.ca\/contact\/"},{"@type":"ListItem","position":3,"name":"Careers"}]}]}},"_links":{"self":[{"href":"https:\/\/www.natcopharma.ca\/fr\/wp-json\/wp\/v2\/pages\/3119"}],"collection":[{"href":"https:\/\/www.natcopharma.ca\/fr\/wp-json\/wp\/v2\/pages"}],"about":[{"href":"https:\/\/www.natcopharma.ca\/fr\/wp-json\/wp\/v2\/types\/page"}],"author":[{"embeddable":true,"href":"https:\/\/www.natcopharma.ca\/fr\/wp-json\/wp\/v2\/users\/4"}],"replies":[{"embeddable":true,"href":"https:\/\/www.natcopharma.ca\/fr\/wp-json\/wp\/v2\/comments?post=3119"}],"version-history":[{"count":52,"href":"https:\/\/www.natcopharma.ca\/fr\/wp-json\/wp\/v2\/pages\/3119\/revisions"}],"predecessor-version":[{"id":3326,"href":"https:\/\/www.natcopharma.ca\/fr\/wp-json\/wp\/v2\/pages\/3119\/revisions\/3326"}],"up":[{"embeddable":true,"href":"https:\/\/www.natcopharma.ca\/fr\/wp-json\/wp\/v2\/pages\/717"}],"wp:attachment":[{"href":"https:\/\/www.natcopharma.ca\/fr\/wp-json\/wp\/v2\/media?parent=3119"}],"curies":[{"name":"wp","href":"https:\/\/api.w.org\/{rel}","templated":true}]}}