{"id":3224,"date":"2026-02-24T02:45:24","date_gmt":"2026-02-24T02:45:24","guid":{"rendered":"https:\/\/www.natcopharma.ca\/?page_id=3224"},"modified":"2026-02-24T17:39:52","modified_gmt":"2026-02-24T17:39:52","slug":"home-2","status":"publish","type":"page","link":"https:\/\/www.natcopharma.ca\/fr\/","title":{"rendered":"Home"},"content":{"rendered":"[vc_row][vc_column]\n\t\t\t<!-- START French Version REVOLUTION SLIDER 6.5.4 --><p class=\"rs-p-wp-fix\"><\/p>\n\t\t\t<rs-module-wrap id=\"rev_slider_4_2_wrapper\" data-source=\"gallery\" style=\"visibility:hidden;background:transparent;padding:0;margin:0px auto;margin-top:0;margin-bottom:0;\">\n\t\t\t\t<rs-module id=\"rev_slider_4_2\" style=\"\" data-version=\"6.5.4\">\n\t\t\t\t\t<rs-slides>\n\t\t\t\t\t\t<rs-slide data-key=\"rs-10\" data-title=\"Slide\" data-thumb=\"\/\/www.natcopharma.ca\/wp-content\/uploads\/2021\/08\/Banner-1-1-50x100.jpg\" data-in=\"o:0;\" data-out=\"a:false;\">\n\t\t\t\t\t\t\t<img src=\"\/\/www.natcopharma.ca\/wp-content\/plugins\/revslider\/public\/assets\/assets\/dummy.png\" title=\"Banner-1\" width=\"1349\" height=\"450\" class=\"rev-slidebg tp-rs-img rs-lazyload\" data-lazyload=\"\/\/www.natcopharma.ca\/wp-content\/uploads\/2021\/08\/Banner-1-1.jpg\" data-no-retina>\n<!--\n\t\t\t\t\t\t\t--><rs-layer\n\t\t\t\t\t\t\t\tid=\"slider-4-slide-10-layer-0\" \n\t\t\t\t\t\t\t\tdata-type=\"text\"\n\t\t\t\t\t\t\t\tdata-color=\"#ffffff\"\n\t\t\t\t\t\t\t\tdata-rsp_ch=\"on\"\n\t\t\t\t\t\t\t\tdata-xy=\"x:90px;y:c;yo:-32px;\"\n\t\t\t\t\t\t\t\tdata-text=\"w:normal;s:25;l:35;fw:600;\"\n\t\t\t\t\t\t\t\tdata-frame_999=\"o:0;st:w;\"\n\t\t\t\t\t\t\t\tstyle=\"z-index:10;font-family:Montserrat;\"\n\t\t\t\t\t\t\t><rs-bg-elem style=\"position:absolute; top:0px;left:0px;\"><\/rs-bg-elem>\nAccro\u00eetre l'acc\u00e8s \u00e0<br \/>\nDes m\u00e9dicaments de classe mondiale \n\t\t\t\t\t\t\t<\/rs-layer><!--\n\n\t\t\t\t\t\t\t--><a\n\t\t\t\t\t\t\t\tid=\"slider-4-slide-10-layer-2\" \n\t\t\t\t\t\t\t\tclass=\"rs-layer\"\n\t\t\t\t\t\t\t\thref=\"\/fr\/about-us\/\" target=\"_self\"\n\t\t\t\t\t\t\t\tdata-type=\"text\"\n\t\t\t\t\t\t\t\tdata-color=\"#ffffff\"\n\t\t\t\t\t\t\t\tdata-rsp_ch=\"on\"\n\t\t\t\t\t\t\t\tdata-xy=\"x:89px;y:c;yo:33px;\"\n\t\t\t\t\t\t\t\tdata-text=\"w:normal;s:18;fw:500;\"\n\t\t\t\t\t\t\t\tdata-frame_999=\"o:0;st:w;\"\n\t\t\t\t\t\t\t\tstyle=\"z-index:8;font-family:Montserrat;\"\n\t\t\t\t\t\t\t><rs-bg-elem style=\"position:absolute; top:0px;left:0px;\"><\/rs-bg-elem>\nEn savoir plus > \n\t\t\t\t\t\t\t<\/a><!--\n\n\t\t\t\t\t\t\t--><rs-layer\n\t\t\t\t\t\t\t\tid=\"slider-4-slide-10-layer-5\" \n\t\t\t\t\t\t\t\tdata-type=\"shape\"\n\t\t\t\t\t\t\t\tdata-rsp_ch=\"on\"\n\t\t\t\t\t\t\t\tdata-xy=\"x:90px;y:282px;\"\n\t\t\t\t\t\t\t\tdata-text=\"w:normal;\"\n\t\t\t\t\t\t\t\tdata-dim=\"w:60px;h:4px;\"\n\t\t\t\t\t\t\t\tdata-frame_999=\"o:0;st:w;\"\n\t\t\t\t\t\t\t\tstyle=\"z-index:11;background-color:#84c547;\"\n\t\t\t\t\t\t\t><rs-bg-elem style=\"position:absolute; top:0px;left:0px;\"><\/rs-bg-elem>\n \n\t\t\t\t\t\t\t<\/rs-layer><!--\n-->\t\t\t\t\t\t<\/rs-slide>\n\t\t\t\t\t\t<rs-slide data-key=\"rs-11\" data-title=\"Slide\" data-thumb=\"\/\/www.natcopharma.ca\/wp-content\/uploads\/2021\/08\/Banner-2-1-50x100.jpg\" data-in=\"o:0;\" data-out=\"a:false;\">\n\t\t\t\t\t\t\t<img src=\"\/\/www.natcopharma.ca\/wp-content\/plugins\/revslider\/public\/assets\/assets\/dummy.png\" title=\"Banner-2\" width=\"1349\" height=\"450\" class=\"rev-slidebg tp-rs-img rs-lazyload\" data-lazyload=\"\/\/www.natcopharma.ca\/wp-content\/uploads\/2021\/08\/Banner-2-1.jpg\" data-no-retina>\n<!--\n\t\t\t\t\t\t\t--><rs-layer\n\t\t\t\t\t\t\t\tid=\"slider-4-slide-11-layer-0\" \n\t\t\t\t\t\t\t\tdata-type=\"text\"\n\t\t\t\t\t\t\t\tdata-color=\"#ffffff\"\n\t\t\t\t\t\t\t\tdata-rsp_ch=\"on\"\n\t\t\t\t\t\t\t\tdata-xy=\"x:89px;y:c;yo:-121px;\"\n\t\t\t\t\t\t\t\tdata-text=\"w:normal;s:25;fw:600;\"\n\t\t\t\t\t\t\t\tdata-frame_999=\"o:0;st:w;\"\n\t\t\t\t\t\t\t\tstyle=\"z-index:11;font-family:Montserrat;\"\n\t\t\t\t\t\t\t><rs-bg-elem style=\"position:absolute; top:0px;left:0px;\"><\/rs-bg-elem>\n\u00c9voluer vers de nouveaux sommets ! \n\t\t\t\t\t\t\t<\/rs-layer><!--\n\n\t\t\t\t\t\t\t--><rs-layer\n\t\t\t\t\t\t\t\tid=\"slider-4-slide-11-layer-1\" \n\t\t\t\t\t\t\t\tdata-type=\"text\"\n\t\t\t\t\t\t\t\tdata-color=\"#ffffff\"\n\t\t\t\t\t\t\t\tdata-rsp_ch=\"on\"\n\t\t\t\t\t\t\t\tdata-xy=\"x:90px;y:c;yo:29px;\"\n\t\t\t\t\t\t\t\tdata-text=\"w:normal;s:16;fw:500;\"\n\t\t\t\t\t\t\t\tdata-dim=\"w:509px;\"\n\t\t\t\t\t\t\t\tdata-frame_999=\"o:0;st:w;\"\n\t\t\t\t\t\t\t\tstyle=\"z-index:10;font-family:Montserrat;\"\n\t\t\t\t\t\t\t><rs-bg-elem style=\"position:absolute; top:0px;left:0px;\"><\/rs-bg-elem>\nNATCO a fi\u00e8rement servi les patients canadiens avec des m\u00e9dicaments de qualit\u00e9 depuis 2006.<br \/>\n<br \/>\nNATCO est pr\u00eat \u00e0 atteindre de nouveaux sommets avec une gamme de nouveaux produits qui tirent parti de notre pipeline mondial de confiance.<br \/>\n<br \/>\nNotre engagement canadien est d'accro\u00eetre l'acc\u00e8s \u00e0 des m\u00e9dicaments abordables. \n\t\t\t\t\t\t\t<\/rs-layer><!--\n-->\t\t\t\t\t\t<\/rs-slide>\n\t\t\t\t\t\t<rs-slide data-key=\"rs-12\" data-title=\"Slide\" data-thumb=\"\/\/www.natcopharma.ca\/wp-content\/uploads\/2021\/08\/Banner-3-1-50x100.jpg\" data-in=\"o:0;\" data-out=\"a:false;\">\n\t\t\t\t\t\t\t<img src=\"\/\/www.natcopharma.ca\/wp-content\/plugins\/revslider\/public\/assets\/assets\/dummy.png\" title=\"Banner-3\" width=\"1349\" height=\"450\" class=\"rev-slidebg tp-rs-img rs-lazyload\" data-lazyload=\"\/\/www.natcopharma.ca\/wp-content\/uploads\/2021\/08\/Banner-3-1.jpg\" data-no-retina>\n<!--\n\t\t\t\t\t\t\t--><rs-layer\n\t\t\t\t\t\t\t\tid=\"slider-4-slide-12-layer-0\" \n\t\t\t\t\t\t\t\tdata-type=\"text\"\n\t\t\t\t\t\t\t\tdata-color=\"#10499e\"\n\t\t\t\t\t\t\t\tdata-rsp_ch=\"on\"\n\t\t\t\t\t\t\t\tdata-xy=\"x:90px;y:c;yo:-77px;\"\n\t\t\t\t\t\t\t\tdata-text=\"w:normal;s:25;fw:600;\"\n\t\t\t\t\t\t\t\tdata-frame_999=\"o:0;st:w;\"\n\t\t\t\t\t\t\t\tstyle=\"z-index:10;font-family:Montserrat;\"\n\t\t\t\t\t\t\t><rs-bg-elem style=\"position:absolute; top:0px;left:0px;\"><\/rs-bg-elem>\nNos points forts \n\t\t\t\t\t\t\t<\/rs-layer><!--\n\n\t\t\t\t\t\t\t--><rs-layer\n\t\t\t\t\t\t\t\tid=\"slider-4-slide-12-layer-1\" \n\t\t\t\t\t\t\t\tdata-type=\"text\"\n\t\t\t\t\t\t\t\tdata-color=\"#10499e\"\n\t\t\t\t\t\t\t\tdata-rsp_ch=\"on\"\n\t\t\t\t\t\t\t\tdata-xy=\"x:90px;y:c;yo:-20px;\"\n\t\t\t\t\t\t\t\tdata-text=\"w:normal;s:16;fw:500;\"\n\t\t\t\t\t\t\t\tdata-dim=\"w:404px;\"\n\t\t\t\t\t\t\t\tdata-frame_999=\"o:0;st:w;\"\n\t\t\t\t\t\t\t\tstyle=\"z-index:9;font-family:Montserrat;\"\n\t\t\t\t\t\t\t><rs-bg-elem style=\"position:absolute; top:0px;left:0px;\"><\/rs-bg-elem>\nNATCO s'efforce de vous proposer des m\u00e9dicaments abordables plus rapidement. \n\t\t\t\t\t\t\t<\/rs-layer><!--\n\n\t\t\t\t\t\t\t--><a\n\t\t\t\t\t\t\t\tid=\"slider-4-slide-12-layer-2\" \n\t\t\t\t\t\t\t\tclass=\"rs-layer\"\n\t\t\t\t\t\t\t\thref=\"\/fr\/about-us\/\" target=\"_self\"\n\t\t\t\t\t\t\t\tdata-type=\"text\"\n\t\t\t\t\t\t\t\tdata-color=\"#10499e\"\n\t\t\t\t\t\t\t\tdata-rsp_ch=\"on\"\n\t\t\t\t\t\t\t\tdata-xy=\"x:90px;y:c;yo:37px;\"\n\t\t\t\t\t\t\t\tdata-text=\"w:normal;s:18;fw:500;\"\n\t\t\t\t\t\t\t\tdata-frame_999=\"o:0;st:w;\"\n\t\t\t\t\t\t\t\tstyle=\"z-index:8;font-family:Montserrat;\"\n\t\t\t\t\t\t\t><rs-bg-elem style=\"position:absolute; top:0px;left:0px;\"><\/rs-bg-elem>\nLire la suite > \n\t\t\t\t\t\t\t<\/a><!--\n\n\t\t\t\t\t\t\t--><rs-layer\n\t\t\t\t\t\t\t\tid=\"slider-4-slide-12-layer-6\" \n\t\t\t\t\t\t\t\tdata-type=\"shape\"\n\t\t\t\t\t\t\t\tdata-rsp_ch=\"on\"\n\t\t\t\t\t\t\t\tdata-xy=\"x:90px;y:283px;\"\n\t\t\t\t\t\t\t\tdata-text=\"w:normal;\"\n\t\t\t\t\t\t\t\tdata-dim=\"w:60px;h:4px;\"\n\t\t\t\t\t\t\t\tdata-frame_999=\"o:0;st:w;\"\n\t\t\t\t\t\t\t\tstyle=\"z-index:11;background-color:#84c547;\"\n\t\t\t\t\t\t\t><rs-bg-elem style=\"position:absolute; top:0px;left:0px;\"><\/rs-bg-elem>\n \n\t\t\t\t\t\t\t<\/rs-layer><!--\n-->\t\t\t\t\t\t<\/rs-slide>\n\t\t\t\t\t\t<rs-slide data-key=\"rs-13\" data-title=\"Slide\" data-thumb=\"\/\/www.natcopharma.ca\/wp-content\/uploads\/2021\/08\/Banner-4-1-50x100.jpg\" data-in=\"o:0;\" data-out=\"a:false;\">\n\t\t\t\t\t\t\t<img src=\"\/\/www.natcopharma.ca\/wp-content\/plugins\/revslider\/public\/assets\/assets\/dummy.png\" title=\"Banner-4\" width=\"1349\" height=\"450\" class=\"rev-slidebg tp-rs-img rs-lazyload\" data-lazyload=\"\/\/www.natcopharma.ca\/wp-content\/uploads\/2021\/08\/Banner-4-1.jpg\" data-no-retina>\n<!--\n\t\t\t\t\t\t\t--><rs-layer\n\t\t\t\t\t\t\t\tid=\"slider-4-slide-13-layer-0\" \n\t\t\t\t\t\t\t\tdata-type=\"text\"\n\t\t\t\t\t\t\t\tdata-color=\"#ffffff\"\n\t\t\t\t\t\t\t\tdata-rsp_ch=\"on\"\n\t\t\t\t\t\t\t\tdata-xy=\"x:90px;y:c;yo:-130px;\"\n\t\t\t\t\t\t\t\tdata-text=\"w:normal;s:25;fw:600;\"\n\t\t\t\t\t\t\t\tdata-frame_999=\"o:0;st:w;\"\n\t\t\t\t\t\t\t\tstyle=\"z-index:12;font-family:Montserrat;\"\n\t\t\t\t\t\t\t><rs-bg-elem style=\"position:absolute; top:0px;left:0px;\"><\/rs-bg-elem>\nFabricant verticalement int\u00e9gr\u00e9<br \/>\n \n\t\t\t\t\t\t\t<\/rs-layer><!--\n\n\t\t\t\t\t\t\t--><rs-layer\n\t\t\t\t\t\t\t\tid=\"slider-4-slide-13-layer-1\" \n\t\t\t\t\t\t\t\tdata-type=\"text\"\n\t\t\t\t\t\t\t\tdata-color=\"#ffffff\"\n\t\t\t\t\t\t\t\tdata-rsp_ch=\"on\"\n\t\t\t\t\t\t\t\tdata-xy=\"x:91px;y:c;yo:-30px;\"\n\t\t\t\t\t\t\t\tdata-text=\"w:normal;s:16;fw:500;\"\n\t\t\t\t\t\t\t\tdata-dim=\"w:645px;\"\n\t\t\t\t\t\t\t\tdata-frame_999=\"o:0;st:w;\"\n\t\t\t\t\t\t\t\tstyle=\"z-index:10;font-family:Montserrat;\"\n\t\t\t\t\t\t\t><rs-bg-elem style=\"position:absolute; top:0px;left:0px;\"><\/rs-bg-elem>\nNATCO est un fabricant de produits pharmaceutiques verticalement int\u00e9gr\u00e9. NATCO contr\u00f4le toutes les \u00e9tapes de la fabrication, des ingr\u00e9dients pharmaceutiques actifs (API) aux formulations posologiques finies.<br \/>\n<br \/>\nLe r\u00e9sultat : <i>une qualit\u00e9 et un prix abordable<\/i> sur lesquels vous pouvez compter. \n\t\t\t\t\t\t\t<\/rs-layer><!--\n\n\t\t\t\t\t\t\t--><a\n\t\t\t\t\t\t\t\tid=\"slider-4-slide-13-layer-2\" \n\t\t\t\t\t\t\t\tclass=\"rs-layer\"\n\t\t\t\t\t\t\t\thref=\"\/fr\/operations\/\" target=\"_self\"\n\t\t\t\t\t\t\t\tdata-type=\"text\"\n\t\t\t\t\t\t\t\tdata-color=\"#ffffff\"\n\t\t\t\t\t\t\t\tdata-rsp_ch=\"on\"\n\t\t\t\t\t\t\t\tdata-xy=\"x:90px;y:c;yo:67px;\"\n\t\t\t\t\t\t\t\tdata-text=\"w:normal;s:18;fw:500;\"\n\t\t\t\t\t\t\t\tdata-frame_999=\"o:0;st:w;\"\n\t\t\t\t\t\t\t\tstyle=\"z-index:8;font-family:Montserrat;\"\n\t\t\t\t\t\t\t><rs-bg-elem style=\"position:absolute; top:0px;left:0px;\"><\/rs-bg-elem>\nLire la suite > \n\t\t\t\t\t\t\t<\/a><!--\n\n\t\t\t\t\t\t\t--><rs-layer\n\t\t\t\t\t\t\t\tid=\"slider-4-slide-13-layer-7\" \n\t\t\t\t\t\t\t\tdata-type=\"shape\"\n\t\t\t\t\t\t\t\tdata-rsp_ch=\"on\"\n\t\t\t\t\t\t\t\tdata-xy=\"x:90px;y:314px;\"\n\t\t\t\t\t\t\t\tdata-text=\"w:normal;\"\n\t\t\t\t\t\t\t\tdata-dim=\"w:60px;h:4px;\"\n\t\t\t\t\t\t\t\tdata-frame_999=\"o:0;st:w;\"\n\t\t\t\t\t\t\t\tstyle=\"z-index:11;background-color:#84c547;\"\n\t\t\t\t\t\t\t><rs-bg-elem style=\"position:absolute; top:0px;left:0px;\"><\/rs-bg-elem>\n \n\t\t\t\t\t\t\t<\/rs-layer><!--\n-->\t\t\t\t\t\t<\/rs-slide>\n\t\t\t\t\t<\/rs-slides>\n\t\t\t\t<\/rs-module>\n\t\t\t\t<script type=\"text\/javascript\">\n\t\t\t\t\tsetREVStartSize({c: 'rev_slider_4_2',rl:[1240,1024,778,480],el:[450],gw:[1349],gh:[450],type:'standard',justify:'',layout:'fullwidth',mh:\"0\"});\n\t\t\t\t<\/script>\n\t\t\t<\/rs-module-wrap>\n\t\t\t<!-- END REVOLUTION SLIDER -->\n[\/vc_column][\/vc_row][vc_row gap=\u00a0\u00bb30&Prime; css=\u00a0\u00bb.vc_custom_1771905891824{margin-top: 30px !important;margin-bottom: 10px !important;}\u00a0\u00bb el_class=\u00a0\u00bbhm-two-img\u00a0\u00bb][vc_column width=\u00a0\u00bb1\/3&Prime; el_class=\u00a0\u00bbhm-three-img-left\u00a0\u00bb][vc_single_image image=\u00a0\u00bb3245&Prime; img_size=\u00a0\u00bbfull\u00a0\u00bb alignment=\u00a0\u00bbcenter\u00a0\u00bb title=\u00a0\u00bbNos produits\u00a0\u00bb][vc_btn title=\u00a0\u00bbEn savoir plus\u00a0\u00bb align=\u00a0\u00bbcenter\u00a0\u00bb i_align=\u00a0\u00bbright\u00a0\u00bb i_icon_fontawesome=\u00a0\u00bbfas fa-angle-right\u00a0\u00bb button_block=\u00a0\u00bbtrue\u00a0\u00bb add_icon=\u00a0\u00bbtrue\u00a0\u00bb link=\u00a0\u00bburl:%2Ffr%2Four-products%2F\u00a0\u00bb][\/vc_column][vc_column width=\u00a0\u00bb1\/3&Prime; el_class=\u00a0\u00bbhm-three-img-center\u00a0\u00bb][vc_single_image image=\u00a0\u00bb3246&Prime; img_size=\u00a0\u00bbfull\u00a0\u00bb alignment=\u00a0\u00bbcenter\u00a0\u00bb title=\u00a0\u00bbActualit\u00e9s et m\u00e9dias\u00a0\u00bb][vc_btn title=\u00a0\u00bbLire la suite\u00a0\u00bb align=\u00a0\u00bbcenter\u00a0\u00bb i_align=\u00a0\u00bbright\u00a0\u00bb i_icon_fontawesome=\u00a0\u00bbfas fa-angle-right\u00a0\u00bb button_block=\u00a0\u00bbtrue\u00a0\u00bb add_icon=\u00a0\u00bbtrue\u00a0\u00bb link=\u00a0\u00bburl:%2Ffr%2Fnews-media%2F\u00a0\u00bb][\/vc_column][vc_column width=\u00a0\u00bb1\/3&Prime; el_class=\u00a0\u00bbhm-three-img-right\u00a0\u00bb][vc_single_image image=\u00a0\u00bb3219&Prime; img_size=\u00a0\u00bbfull\u00a0\u00bb alignment=\u00a0\u00bbcenter\u00a0\u00bb title=\u00a0\u00bbProduits en p\u00e9nurie de niveau 3&Prime;][vc_btn title=\u00a0\u00bbEn savoir plus\u00a0\u00bb align=\u00a0\u00bbcenter\u00a0\u00bb i_align=\u00a0\u00bbright\u00a0\u00bb i_icon_fontawesome=\u00a0\u00bbfas fa-angle-right\u00a0\u00bb button_block=\u00a0\u00bbtrue\u00a0\u00bb add_icon=\u00a0\u00bbtrue\u00a0\u00bb link=\u00a0\u00bburl:%2Ffr%2Ftier-3-shortage%2F\u00a0\u00bb el_class=\u00a0\u00bbblue\u00a0\u00bb][\/vc_column][\/vc_row][vc_row full_width=\u00a0\u00bbstretch_row\u00a0\u00bb css=\u00a0\u00bb.vc_custom_1628239246439{padding-top: 30px !important;padding-bottom: 40px !important;background-color: #e3e3e3 !important;}\u00a0\u00bb el_class=\u00a0\u00bbquality-is-row remove-margin-bottom\u00a0\u00bb][vc_column][vc_column_text]\n<h3>La qualit\u00e9 est notre affaire&#8230;<\/h3>\n<p>NATCO est un fournisseur mondial de m\u00e9dicaments. Nos sites sont approuv\u00e9s par les r\u00e9gulateurs nationaux et internationaux.[\/vc_column_text][vc_column_text]<div class=\"tcls-wrap\"><div id=\"tc-logo\" class=\"owl-carousel owl-theme\"><div class=\"item\"><img src=\"https:\/\/www.natcopharma.ca\/wp-content\/uploads\/2021\/08\/logo-usfd-1.jpg\" alt=\"\" \/><\/div><div class=\"item\"><img src=\"https:\/\/www.natcopharma.ca\/wp-content\/uploads\/2021\/08\/logo-healthcanada-1.jpg\" alt=\"\" \/><\/div><div class=\"item\"><img src=\"https:\/\/www.natcopharma.ca\/wp-content\/uploads\/2021\/08\/logo-ema.jpg\" alt=\"\" \/><\/div><div class=\"item\"><img src=\"https:\/\/www.natcopharma.ca\/wp-content\/uploads\/2021\/08\/logo-cofepris.jpg\" alt=\"\" \/><\/div><div class=\"item\"><img src=\"https:\/\/www.natcopharma.ca\/wp-content\/uploads\/2021\/08\/logo-anvisa.jpg\" alt=\"\" \/><\/div><\/div><\/div>[\/vc_column_text][\/vc_column][\/vc_row]","protected":false},"excerpt":{"rendered":"<p>[vc_row][vc_column][\/vc_column][\/vc_row][vc_row gap=\u00a0\u00bb30&Prime; css=\u00a0\u00bb.vc_custom_1771905891824{margin-top: 30px !important;margin-bottom: 10px !important;}\u00a0\u00bb el_class=\u00a0\u00bbhm-two-img\u00a0\u00bb][vc_column width=\u00a0\u00bb1\/3&Prime; el_class=\u00a0\u00bbhm-three-img-left\u00a0\u00bb][vc_single_image image=\u00a0\u00bb3245&Prime; img_size=\u00a0\u00bbfull\u00a0\u00bb alignment=\u00a0\u00bbcenter\u00a0\u00bb title=\u00a0\u00bbNos produits\u00a0\u00bb][vc_btn title=\u00a0\u00bbEn savoir plus\u00a0\u00bb align=\u00a0\u00bbcenter\u00a0\u00bb i_align=\u00a0\u00bbright\u00a0\u00bb i_icon_fontawesome=\u00a0\u00bbfas fa-angle-right\u00a0\u00bb button_block=\u00a0\u00bbtrue\u00a0\u00bb add_icon=\u00a0\u00bbtrue\u00a0\u00bb link=\u00a0\u00bburl:%2Ffr%2Four-products%2F\u00a0\u00bb][\/vc_column][vc_column width=\u00a0\u00bb1\/3&Prime; el_class=\u00a0\u00bbhm-three-img-center\u00a0\u00bb][vc_single_image image=\u00a0\u00bb3246&Prime; img_size=\u00a0\u00bbfull\u00a0\u00bb alignment=\u00a0\u00bbcenter\u00a0\u00bb title=\u00a0\u00bbActualit\u00e9s et m\u00e9dias\u00a0\u00bb][vc_btn title=\u00a0\u00bbLire la suite\u00a0\u00bb align=\u00a0\u00bbcenter\u00a0\u00bb i_align=\u00a0\u00bbright\u00a0\u00bb i_icon_fontawesome=\u00a0\u00bbfas fa-angle-right\u00a0\u00bb button_block=\u00a0\u00bbtrue\u00a0\u00bb add_icon=\u00a0\u00bbtrue\u00a0\u00bb link=\u00a0\u00bburl:%2Ffr%2Fnews-media%2F\u00a0\u00bb][\/vc_column][vc_column width=\u00a0\u00bb1\/3&Prime; el_class=\u00a0\u00bbhm-three-img-right\u00a0\u00bb][vc_single_image image=\u00a0\u00bb3219&Prime; img_size=\u00a0\u00bbfull\u00a0\u00bb alignment=\u00a0\u00bbcenter\u00a0\u00bb title=\u00a0\u00bbProduits en p\u00e9nurie de niveau 3&Prime;][vc_btn title=\u00a0\u00bbEn [&hellip;]<\/p>\n","protected":false},"author":4,"featured_media":0,"parent":0,"menu_order":0,"comment_status":"closed","ping_status":"closed","template":"","meta":[],"yoast_head":"<!-- This site is optimized with the Yoast SEO plugin v18.8 - https:\/\/yoast.com\/wordpress\/plugins\/seo\/ -->\n<title>Natco Pharma (Canada) Inc. | Canada&#039;s High Quality Pharmaceutical Supplier<\/title>\n<meta name=\"description\" content=\"Natco Pharma (Canada) Inc. is the Canadian subsidiary of Natco Pharma Limited. We are a vertically integrated pharmaceutical company focused on R&amp;D and the manufacturing of drug products.\" \/>\n<meta name=\"robots\" content=\"index, follow, max-snippet:-1, max-image-preview:large, max-video-preview:-1\" \/>\n<link rel=\"canonical\" href=\"https:\/\/www.natcopharma.ca\/\" \/>\n<meta property=\"og:locale\" content=\"fr_FR\" \/>\n<meta property=\"og:type\" content=\"article\" \/>\n<meta property=\"og:title\" content=\"Natco Pharma (Canada) Inc. | Canada&#039;s High Quality Pharmaceutical Supplier\" \/>\n<meta property=\"og:description\" content=\"Natco Pharma (Canada) Inc. is the Canadian subsidiary of Natco Pharma Limited. We are a vertically integrated pharmaceutical company focused on R&amp;D and the manufacturing of drug products.\" \/>\n<meta property=\"og:url\" content=\"https:\/\/www.natcopharma.ca\/\" \/>\n<meta property=\"og:site_name\" content=\"Natco Pharma (Canada) Inc.\" \/>\n<meta property=\"article:modified_time\" content=\"2026-02-24T17:39:52+00:00\" \/>\n<meta name=\"twitter:card\" content=\"summary_large_image\" \/>\n<meta name=\"twitter:label1\" content=\"Dur\u00e9e de lecture estim\u00e9e\" \/>\n\t<meta name=\"twitter:data1\" content=\"1 minute\" \/>\n<script type=\"application\/ld+json\" class=\"yoast-schema-graph\">{\"@context\":\"https:\/\/schema.org\",\"@graph\":[{\"@type\":\"WebSite\",\"@id\":\"https:\/\/www.natcopharma.ca\/#website\",\"url\":\"https:\/\/www.natcopharma.ca\/\",\"name\":\"Natco Pharma (Canada) Inc.\",\"description\":\"Canada&#039;s High Quality Pharmaceutical Supplier\",\"potentialAction\":[{\"@type\":\"SearchAction\",\"target\":{\"@type\":\"EntryPoint\",\"urlTemplate\":\"https:\/\/www.natcopharma.ca\/?s={search_term_string}\"},\"query-input\":\"required name=search_term_string\"}],\"inLanguage\":\"fr-FR\"},{\"@type\":\"WebPage\",\"@id\":\"https:\/\/www.natcopharma.ca\/#webpage\",\"url\":\"https:\/\/www.natcopharma.ca\/\",\"name\":\"Natco Pharma (Canada) Inc. | Canada's High Quality Pharmaceutical Supplier\",\"isPartOf\":{\"@id\":\"https:\/\/www.natcopharma.ca\/#website\"},\"datePublished\":\"2026-02-24T02:45:24+00:00\",\"dateModified\":\"2026-02-24T17:39:52+00:00\",\"description\":\"Natco Pharma (Canada) Inc. is the Canadian subsidiary of Natco Pharma Limited. We are a vertically integrated pharmaceutical company focused on R&D and the manufacturing of drug products.\",\"breadcrumb\":{\"@id\":\"https:\/\/www.natcopharma.ca\/#breadcrumb\"},\"inLanguage\":\"fr-FR\",\"potentialAction\":[{\"@type\":\"ReadAction\",\"target\":[\"https:\/\/www.natcopharma.ca\/\"]}]},{\"@type\":\"BreadcrumbList\",\"@id\":\"https:\/\/www.natcopharma.ca\/#breadcrumb\",\"itemListElement\":[{\"@type\":\"ListItem\",\"position\":1,\"name\":\"Home\",\"item\":\"https:\/\/www.natcopharma.ca\/\"},{\"@type\":\"ListItem\",\"position\":2,\"name\":\"Home\"}]}]}<\/script>\n<!-- \/ Yoast SEO plugin. -->","yoast_head_json":{"title":"Natco Pharma (Canada) Inc. | Canada's High Quality Pharmaceutical Supplier","description":"Natco Pharma (Canada) Inc. is the Canadian subsidiary of Natco Pharma Limited. We are a vertically integrated pharmaceutical company focused on R&D and the manufacturing of drug products.","robots":{"index":"index","follow":"follow","max-snippet":"max-snippet:-1","max-image-preview":"max-image-preview:large","max-video-preview":"max-video-preview:-1"},"canonical":"https:\/\/www.natcopharma.ca\/","og_locale":"fr_FR","og_type":"article","og_title":"Natco Pharma (Canada) Inc. | Canada's High Quality Pharmaceutical Supplier","og_description":"Natco Pharma (Canada) Inc. is the Canadian subsidiary of Natco Pharma Limited. We are a vertically integrated pharmaceutical company focused on R&D and the manufacturing of drug products.","og_url":"https:\/\/www.natcopharma.ca\/","og_site_name":"Natco Pharma (Canada) Inc.","article_modified_time":"2026-02-24T17:39:52+00:00","twitter_card":"summary_large_image","twitter_misc":{"Dur\u00e9e de lecture estim\u00e9e":"1 minute"},"schema":{"@context":"https:\/\/schema.org","@graph":[{"@type":"WebSite","@id":"https:\/\/www.natcopharma.ca\/#website","url":"https:\/\/www.natcopharma.ca\/","name":"Natco Pharma (Canada) Inc.","description":"Canada&#039;s High Quality Pharmaceutical Supplier","potentialAction":[{"@type":"SearchAction","target":{"@type":"EntryPoint","urlTemplate":"https:\/\/www.natcopharma.ca\/?s={search_term_string}"},"query-input":"required name=search_term_string"}],"inLanguage":"fr-FR"},{"@type":"WebPage","@id":"https:\/\/www.natcopharma.ca\/#webpage","url":"https:\/\/www.natcopharma.ca\/","name":"Natco Pharma (Canada) Inc. | Canada's High Quality Pharmaceutical Supplier","isPartOf":{"@id":"https:\/\/www.natcopharma.ca\/#website"},"datePublished":"2026-02-24T02:45:24+00:00","dateModified":"2026-02-24T17:39:52+00:00","description":"Natco Pharma (Canada) Inc. is the Canadian subsidiary of Natco Pharma Limited. We are a vertically integrated pharmaceutical company focused on R&D and the manufacturing of drug products.","breadcrumb":{"@id":"https:\/\/www.natcopharma.ca\/#breadcrumb"},"inLanguage":"fr-FR","potentialAction":[{"@type":"ReadAction","target":["https:\/\/www.natcopharma.ca\/"]}]},{"@type":"BreadcrumbList","@id":"https:\/\/www.natcopharma.ca\/#breadcrumb","itemListElement":[{"@type":"ListItem","position":1,"name":"Home","item":"https:\/\/www.natcopharma.ca\/"},{"@type":"ListItem","position":2,"name":"Home"}]}]}},"_links":{"self":[{"href":"https:\/\/www.natcopharma.ca\/fr\/wp-json\/wp\/v2\/pages\/3224"}],"collection":[{"href":"https:\/\/www.natcopharma.ca\/fr\/wp-json\/wp\/v2\/pages"}],"about":[{"href":"https:\/\/www.natcopharma.ca\/fr\/wp-json\/wp\/v2\/types\/page"}],"author":[{"embeddable":true,"href":"https:\/\/www.natcopharma.ca\/fr\/wp-json\/wp\/v2\/users\/4"}],"replies":[{"embeddable":true,"href":"https:\/\/www.natcopharma.ca\/fr\/wp-json\/wp\/v2\/comments?post=3224"}],"version-history":[{"count":14,"href":"https:\/\/www.natcopharma.ca\/fr\/wp-json\/wp\/v2\/pages\/3224\/revisions"}],"predecessor-version":[{"id":3301,"href":"https:\/\/www.natcopharma.ca\/fr\/wp-json\/wp\/v2\/pages\/3224\/revisions\/3301"}],"wp:attachment":[{"href":"https:\/\/www.natcopharma.ca\/fr\/wp-json\/wp\/v2\/media?parent=3224"}],"curies":[{"name":"wp","href":"https:\/\/api.w.org\/{rel}","templated":true}]}}