{"id":606,"date":"2021-08-06T06:12:21","date_gmt":"2021-08-06T06:12:21","guid":{"rendered":"https:\/\/dev7710.marketing-aide.com\/?page_id=606"},"modified":"2025-05-22T21:23:33","modified_gmt":"2025-05-22T21:23:33","slug":"about-us","status":"publish","type":"page","link":"https:\/\/www.natcopharma.ca\/fr\/about-us\/","title":{"rendered":"\u00c0 propos de nous"},"content":{"rendered":"[vc_row][vc_column][vc_column_text]\n<h2 class=\"inner-h2\">Natco Pharma (Canada) Inc. est la filiale canadienne de Natco Pharma Limit\u00e9e.<\/h2>\n<p>Nous sommes une soci\u00e9t\u00e9 pharmaceutique \u00e0 int\u00e9gration verticale ax\u00e9e sur la R&amp;D et la fabrication de produits pharmaceutiques. NATCO est un fournisseur de confiance de m\u00e9dicaments, comme en t\u00e9moigne notre travail avec les plus grandes soci\u00e9t\u00e9s pharmaceutiques au monde.<\/p>\n<p>NATCO accorde la priorit\u00e9 \u00e0 la <i>confiance et \u00e0 la fiabilit\u00e9<\/i> de nos produits et services \u2013 C&rsquo;est notre engagement canadien.[\/vc_column_text][\/vc_column][\/vc_row][vc_row][vc_column][vc_column_text]\n<h2 class=\"inner-h2\">Nos valeurs fondamentales<\/h2>\n[\/vc_column_text][\/vc_column][\/vc_row][vc_row][vc_column width=\u00a0\u00bb1\/3&Prime;][vc_raw_html]JTNDZGl2JTIwY2xhc3MlM0QlMjJmbGlwLWJveC1jdXN0b20lMjBmbGlwLTElMjIlM0UlMEElM0NkaXYlMjBjbGFzcyUzRCUyMmZsaXAtY2FyZCUyMiUzRSUwQSUwOSUwOSUzQ2lucHV0JTIwdHlwZSUzRCUyMmNoZWNrYm94JTIyJTIwaWQlM0QlMjJjYXJkMSUyMiUyMGNsYXNzJTNEJTIybW9yZSUyMiUyMGFyaWEtaGlkZGVuJTNEJTIydHJ1ZSUyMiUzRSUwQSUwOSUwOSUzQ2RpdiUyMGNsYXNzJTNEJTIyY29udGVudCUyMiUzRSUwQSUwOSUwOSUwOSUzQ2RpdiUyMGNsYXNzJTNEJTIyZnJvbnQlMjIlM0UlMEElMDklMDklMDklMDklM0NkaXYlMjBjbGFzcyUzRCUyMmlubmVyJTIyJTNFJTBBJTA5JTA5JTA5JTA5JTNDZGl2JTNFJTBBJTA5JTA5JTA5JTA5JTNDaW1nJTIwc3JjJTNEJTIyJTJGd3AtY29udGVudCUyRnVwbG9hZHMlMkYyMDIxJTJGMDglMkZHcm91cC03LnBuZyUyMiUyMGFsdCUzRCUyMiUyMiUyRiUzRSUwQSUwOSUwOSUwOSUwOSUwOSUzQ2gyJTNFUXVhbGl0JUMzJUE5JTNDJTJGaDIlM0UlMEElMDklMDklMDklMDklM0NsYWJlbCUyMGZvciUzRCUyMmNhcmQxJTIyJTIwY2xhc3MlM0QlMjJidXR0b24tZmxpcCUyMiUyMGFyaWEtaGlkZGVuJTNEJTIydHJ1ZSUyMiUzRSUzQ2klMjBjbGFzcyUzRCUyMmZhciUyMGZhLXBsdXMtY2lyY2xlJTIyJTNFJTNDJTJGaSUzRSUzQyUyRmxhYmVsJTNFJTBBJTA5JTA5JTA5JTA5JTNDJTJGZGl2JTNFJTBBJTA5JTA5JTA5JTA5JTNDJTJGZGl2JTNFJTBBJTA5JTA5JTA5JTNDJTJGZGl2JTNFJTBBJTA5JTA5JTA5JTNDZGl2JTIwY2xhc3MlM0QlMjJiYWNrJTIyJTNFJTBBJTA5JTA5JTA5JTA5JTNDZGl2JTIwY2xhc3MlM0QlMjJpbm5lciUyMiUzRSUwQSUwOSUwOSUwOSUwOSUzQ2RpdiUzRSUwQSUwOSUwOSUwOSUwOSUzQ2RpdiUyMGNsYXNzJTNEJTIyZGVzY3JpcHRpb24lMjIlM0UlMEElMDklMDklMDklMDklM0NwJTNFTm9zJTIwcHJvZHVpdHMlMjBzb250JTIwZmFicmlxdSVDMyVBOXMlMjBlbiUyMHV0aWxpc2FudCUyMGxhJTIwUiUyNkQlMjBpbnRlcm5lJTJDJTIwbm9zJTIwaW5zdGFsbGF0aW9ucyUyMGRlJTIwZmFicmljYXRpb24lMjBkZSUyMGNsYXNzZSUyMG1vbmRpYWxlJTIwZXQlMjB1biUyMGVuZ2FnZW1lbnQlMjBpbmQlQzMlQTlmZWN0aWJsZSUyMGVudmVycyUyMGxlcyUyMG5vcm1lcyUyMGRlJTIwcXVhbGl0JUMzJUE5JTIwbGVzJTIwcGx1cyUyMCVDMyVBOWxldiVDMyVBOWVzJTIwZGUlMjBsJTI3aW5kdXN0cmllLiUzQyUyRnAlM0UlMEElMDklMDklMDklMDklM0MlMkZkaXYlM0UlMEElMDklMDklMDklMDklM0NsYWJlbCUyMGZvciUzRCUyMmNhcmQxJTIyJTIwY2xhc3MlM0QlMjJidXR0b24tZmxpcCUyMHJldHVybiUyMiUyMGFyaWEtaGlkZGVuJTNEJTIydHJ1ZSUyMiUzRSUwQSUwOSUwOSUwOSUwOSUzQ2klMjBjbGFzcyUzRCUyMmZhciUyMGZhLW1pbnVzLWNpcmNsZSUyMiUzRSUzQyUyRmklM0UlMEElMDklMDklMDklMDklM0MlMkZsYWJlbCUzRSUwQSUwOSUwOSUwOSUwOSUzQyUyRmRpdiUzRSUwQSUwOSUwOSUwOSUwOSUzQyUyRmRpdiUzRSUwQSUwOSUwOSUwOSUzQyUyRmRpdiUzRSUwQSUwOSUwOSUzQyUyRmRpdiUzRSUwQSUwOSUzQyUyRmRpdiUzRSUwQSUzQyUyRmRpdiUzRQ==[\/vc_raw_html][\/vc_column][vc_column width=\u00a0\u00bb1\/3&Prime;][vc_raw_html]JTNDZGl2JTIwY2xhc3MlM0QlMjJmbGlwLWJveC1jdXN0b20lMjBmbGlwLTIlMjIlM0UlMEElMDklMDklMDklM0NkaXYlMjBjbGFzcyUzRCUyMmZsaXAtY2FyZCUyMiUzRSUwQSUwOSUwOSUzQ2lucHV0JTIwdHlwZSUzRCUyMmNoZWNrYm94JTIyJTIwaWQlM0QlMjJjYXJkMiUyMiUyMGNsYXNzJTNEJTIybW9yZSUyMiUyMGFyaWEtaGlkZGVuJTNEJTIydHJ1ZSUyMiUzRSUwQSUwOSUwOSUzQ2RpdiUyMGNsYXNzJTNEJTIyY29udGVudCUyMiUzRSUwQSUwOSUwOSUwOSUzQ2RpdiUyMGNsYXNzJTNEJTIyZnJvbnQlMjIlM0UlMEElMDklMDklMDklMDklM0NkaXYlMjBjbGFzcyUzRCUyMmlubmVyJTIyJTNFJTBBJTA5JTA5JTA5JTA5JTNDZGl2JTNFJTBBJTA5JTA5JTA5JTA5JTNDaW1nJTIwc3JjJTNEJTIyJTJGd3AtY29udGVudCUyRnVwbG9hZHMlMkYyMDIxJTJGMDglMkZHcm91cC04LnBuZyUyMiUyMGFsdCUzRCUyMiUyMiUyRiUzRSUwQSUwOSUwOSUwOSUwOSUwOSUzQ2gyJTNFRmlhYmlsaXQlQzMlQTklM0MlMkZoMiUzRSUwQSUwOSUwOSUwOSUwOSUzQ2xhYmVsJTIwZm9yJTNEJTIyY2FyZDIlMjIlMjBjbGFzcyUzRCUyMmJ1dHRvbi1mbGlwJTIyJTIwYXJpYS1oaWRkZW4lM0QlMjJ0cnVlJTIyJTNFJTNDaSUyMGNsYXNzJTNEJTIyZmFyJTIwZmEtcGx1cy1jaXJjbGUlMjIlM0UlM0MlMkZpJTNFJTNDJTJGbGFiZWwlM0UlMEElMDklMDklMDklMDklM0MlMkZkaXYlM0UlMEElMDklMDklMDklMDklM0MlMkZkaXYlM0UlMEElMDklMDklMDklM0MlMkZkaXYlM0UlMEElMDklMDklMDklM0NkaXYlMjBjbGFzcyUzRCUyMmJhY2slMjIlM0UlMEElMDklMDklMDklMDklM0NkaXYlMjBjbGFzcyUzRCUyMmlubmVyJTIyJTNFJTBBJTA5JTA5JTA5JTA5JTNDZGl2JTNFJTBBJTA5JTA5JTA5JTA5JTNDZGl2JTIwY2xhc3MlM0QlMjJkZXNjcmlwdGlvbiUyMiUzRSUwQSUwOSUwOSUwOSUwOSUzQ3AlM0VMYSUyMGNvbmZpYW5jZSUyMGV0JTIwbGElMjBmaWFiaWxpdCVDMyVBOSUyMHNvbnQlMjBhdSUyMGMlQzUlOTN1ciUyMGRlJTIwdG91dCUyMGNlJTIwcXVlJTIwbm91cyUyMGZhaXNvbnMuJTNDJTJGcCUzRSUwQSUwOSUwOSUwOSUwOSUzQyUyRmRpdiUzRSUwQSUwOSUwOSUwOSUwOSUzQ2xhYmVsJTIwZm9yJTNEJTIyY2FyZDIlMjIlMjBjbGFzcyUzRCUyMmJ1dHRvbi1mbGlwJTIwcmV0dXJuJTIyJTIwYXJpYS1oaWRkZW4lM0QlMjJ0cnVlJTIyJTNFJTBBJTA5JTA5JTA5JTA5JTNDaSUyMGNsYXNzJTNEJTIyZmFyJTIwZmEtbWludXMtY2lyY2xlJTIyJTNFJTNDJTJGaSUzRSUwQSUwOSUwOSUwOSUwOSUzQyUyRmxhYmVsJTNFJTBBJTA5JTA5JTA5JTA5JTNDJTJGZGl2JTNFJTBBJTA5JTA5JTA5JTA5JTNDJTJGZGl2JTNFJTBBJTA5JTA5JTA5JTNDJTJGZGl2JTNFJTBBJTA5JTA5JTNDJTJGZGl2JTNFJTBBJTA5JTNDJTJGZGl2JTNFJTBBJTNDJTJGZGl2JTNF[\/vc_raw_html][\/vc_column][vc_column width=\u00a0\u00bb1\/3&Prime;][vc_raw_html]JTNDZGl2JTIwY2xhc3MlM0QlMjJmbGlwLWJveC1jdXN0b20lMjBmbGlwLTMlMjIlM0UlMEElMDklMDklMDklMDklMDklMDklM0NkaXYlMjBjbGFzcyUzRCUyMmZsaXAtY2FyZCUyMiUzRSUwQSUwOSUwOSUzQ2lucHV0JTIwdHlwZSUzRCUyMmNoZWNrYm94JTIyJTIwaWQlM0QlMjJjYXJkMyUyMiUyMGNsYXNzJTNEJTIybW9yZSUyMiUyMGFyaWEtaGlkZGVuJTNEJTIydHJ1ZSUyMiUzRSUwQSUwOSUwOSUzQ2RpdiUyMGNsYXNzJTNEJTIyY29udGVudCUyMiUzRSUwQSUwOSUwOSUwOSUzQ2RpdiUyMGNsYXNzJTNEJTIyZnJvbnQlMjIlM0UlMEElMDklMDklMDklMDklM0NkaXYlMjBjbGFzcyUzRCUyMmlubmVyJTIyJTNFJTBBJTA5JTA5JTA5JTA5JTNDZGl2JTNFJTBBJTA5JTA5JTA5JTA5JTNDaW1nJTIwc3JjJTNEJTIyJTJGd3AtY29udGVudCUyRnVwbG9hZHMlMkYyMDIxJTJGMDglMkZHcm91cC05LnBuZyUyMiUyMGFsdCUzRCUyMiUyMiUyRiUzRSUwQSUwOSUwOSUwOSUwOSUwOSUzQ2gyJTNFUmVzcG9uc2FiaWxpdCVDMyVBOSUyMGVudmlyb25uZW1lbnRhbGUlM0MlMkZoMiUzRSUwQSUwOSUwOSUwOSUwOSUzQ2xhYmVsJTIwZm9yJTNEJTIyY2FyZDMlMjIlMjBjbGFzcyUzRCUyMmJ1dHRvbi1mbGlwJTIyJTIwYXJpYS1oaWRkZW4lM0QlMjJ0cnVlJTIyJTNFJTNDaSUyMGNsYXNzJTNEJTIyZmFyJTIwZmEtcGx1cy1jaXJjbGUlMjIlM0UlM0MlMkZpJTNFJTNDJTJGbGFiZWwlM0UlMEElMDklMDklMDklMDklM0MlMkZkaXYlM0UlMEElMDklMDklMDklMDklM0MlMkZkaXYlM0UlMEElMDklMDklMDklM0MlMkZkaXYlM0UlMEElMDklMDklMDklM0NkaXYlMjBjbGFzcyUzRCUyMmJhY2slMjIlM0UlMEElMDklMDklMDklMDklM0NkaXYlMjBjbGFzcyUzRCUyMmlubmVyJTIyJTNFJTBBJTA5JTA5JTA5JTA5JTNDZGl2JTNFJTBBJTA5JTA5JTA5JTA5JTNDZGl2JTIwY2xhc3MlM0QlMjJkZXNjcmlwdGlvbiUyMiUzRSUwQSUwOSUwOSUwOSUwOSUzQ3AlM0VMZSUyMHJlc3BlY3QlMjBkZXMlMjBwZXJzb25uZXMlMjBldCUyMGRlJTIwbm90cmUlMjBlbnZpcm9ubmVtZW50JTIwZ3VpZGVudCUyMG5vcyUyMHByaW5jaXBlcy4lM0MlMkZwJTNFJTBBJTA5JTA5JTA5JTA5JTNDJTJGZGl2JTNFJTBBJTA5JTA5JTA5JTA5JTNDbGFiZWwlMjBmb3IlM0QlMjJjYXJkMyUyMiUyMGNsYXNzJTNEJTIyYnV0dG9uLWZsaXAlMjByZXR1cm4lMjIlMjBhcmlhLWhpZGRlbiUzRCUyMnRydWUlMjIlM0UlMEElMDklMDklMDklMDklM0NpJTIwY2xhc3MlM0QlMjJmYXIlMjBmYS1taW51cy1jaXJjbGUlMjIlM0UlM0MlMkZpJTNFJTBBJTA5JTA5JTA5JTA5JTNDJTJGbGFiZWwlM0UlMEElMDklMDklMDklMDklM0MlMkZkaXYlM0UlMEElMDklMDklMDklMDklM0MlMkZkaXYlM0UlMEElMDklMDklMDklM0MlMkZkaXYlM0UlMEElMDklMDklM0MlMkZkaXYlM0UlMEElMDklM0MlMkZkaXYlM0UlMEElM0MlMkZkaXYlM0U=[\/vc_raw_html][\/vc_column][\/vc_row][vc_row][vc_column][vc_empty_space height=\u00a0\u00bb5px\u00a0\u00bb][\/vc_column][\/vc_row][vc_row][vc_column][vc_column_text]\n<h2 class=\"inner-h2\">Notre mission<\/h2>\n<p>\u00ab Augmenter l&rsquo;acc\u00e8s \u00e0 des m\u00e9dicaments abordables qui r\u00e9pondent aux normes les plus \u00e9lev\u00e9es de qualit\u00e9, de fiabilit\u00e9 de l&rsquo;approvisionnement et de service client. \u00bb[\/vc_column_text][\/vc_column][\/vc_row][vc_row][vc_column][vc_empty_space height=\u00a0\u00bb25px\u00a0\u00bb][\/vc_column][\/vc_row]","protected":false},"excerpt":{"rendered":"<p>[vc_row][vc_column][vc_column_text] Natco Pharma (Canada) Inc. est la filiale canadienne de Natco Pharma Limit\u00e9e. Nous sommes une soci\u00e9t\u00e9 pharmaceutique \u00e0 int\u00e9gration verticale ax\u00e9e sur la R&amp;D et la fabrication de produits pharmaceutiques. NATCO est un fournisseur de confiance de m\u00e9dicaments, comme en t\u00e9moigne notre travail avec les plus grandes soci\u00e9t\u00e9s pharmaceutiques au monde. NATCO accorde la [&hellip;]<\/p>\n","protected":false},"author":1,"featured_media":0,"parent":0,"menu_order":0,"comment_status":"closed","ping_status":"closed","template":"","meta":[],"yoast_head":"<!-- This site is optimized with the Yoast SEO plugin v18.8 - https:\/\/yoast.com\/wordpress\/plugins\/seo\/ -->\n<title>\u00c0 propos de nous - Natco Pharma (Canada) Inc.<\/title>\n<meta name=\"robots\" content=\"index, follow, max-snippet:-1, max-image-preview:large, max-video-preview:-1\" \/>\n<link rel=\"canonical\" href=\"https:\/\/www.natcopharma.ca\/about-us\/\" \/>\n<meta property=\"og:locale\" content=\"fr_FR\" \/>\n<meta property=\"og:type\" content=\"article\" \/>\n<meta property=\"og:title\" content=\"[:en]About Us[:fr]\u00c0 propos de nous[:] - Natco Pharma (Canada) Inc.\" \/>\n<meta property=\"og:description\" content=\"[vc_row][vc_column][vc_column_text] Natco Pharma (Canada) Inc. est la filiale canadienne de Natco Pharma Limit\u00e9e. Nous sommes une soci\u00e9t\u00e9 pharmaceutique \u00e0 int\u00e9gration verticale ax\u00e9e sur la R&amp;D et la fabrication de produits pharmaceutiques. NATCO est un fournisseur de confiance de m\u00e9dicaments, comme en t\u00e9moigne notre travail avec les plus grandes soci\u00e9t\u00e9s pharmaceutiques au monde. NATCO accorde la [&hellip;]\" \/>\n<meta property=\"og:url\" content=\"https:\/\/www.natcopharma.ca\/about-us\/\" \/>\n<meta property=\"og:site_name\" content=\"Natco Pharma (Canada) Inc.\" \/>\n<meta property=\"article:modified_time\" content=\"2025-05-22T21:23:33+00:00\" \/>\n<meta name=\"twitter:card\" content=\"summary_large_image\" \/>\n<meta name=\"twitter:label1\" content=\"Dur\u00e9e de lecture estim\u00e9e\" \/>\n\t<meta name=\"twitter:data1\" content=\"1 minute\" \/>\n<script type=\"application\/ld+json\" class=\"yoast-schema-graph\">{\"@context\":\"https:\/\/schema.org\",\"@graph\":[{\"@type\":\"WebSite\",\"@id\":\"https:\/\/www.natcopharma.ca\/#website\",\"url\":\"https:\/\/www.natcopharma.ca\/\",\"name\":\"Natco Pharma (Canada) Inc.\",\"description\":\"Canada&#039;s High Quality Pharmaceutical Supplier\",\"potentialAction\":[{\"@type\":\"SearchAction\",\"target\":{\"@type\":\"EntryPoint\",\"urlTemplate\":\"https:\/\/www.natcopharma.ca\/?s={search_term_string}\"},\"query-input\":\"required name=search_term_string\"}],\"inLanguage\":\"fr-FR\"},{\"@type\":\"WebPage\",\"@id\":\"https:\/\/www.natcopharma.ca\/about-us\/#webpage\",\"url\":\"https:\/\/www.natcopharma.ca\/about-us\/\",\"name\":\"[:en]About Us[:fr]\u00c0 propos de nous[:] - Natco Pharma (Canada) Inc.\",\"isPartOf\":{\"@id\":\"https:\/\/www.natcopharma.ca\/#website\"},\"datePublished\":\"2021-08-06T06:12:21+00:00\",\"dateModified\":\"2025-05-22T21:23:33+00:00\",\"breadcrumb\":{\"@id\":\"https:\/\/www.natcopharma.ca\/about-us\/#breadcrumb\"},\"inLanguage\":\"fr-FR\",\"potentialAction\":[{\"@type\":\"ReadAction\",\"target\":[\"https:\/\/www.natcopharma.ca\/about-us\/\"]}]},{\"@type\":\"BreadcrumbList\",\"@id\":\"https:\/\/www.natcopharma.ca\/about-us\/#breadcrumb\",\"itemListElement\":[{\"@type\":\"ListItem\",\"position\":1,\"name\":\"Home\",\"item\":\"https:\/\/www.natcopharma.ca\/\"},{\"@type\":\"ListItem\",\"position\":2,\"name\":\"About Us\"}]}]}<\/script>\n<!-- \/ Yoast SEO plugin. -->","yoast_head_json":{"title":"[:en]About Us[:fr]\u00c0 propos de nous[:] - Natco Pharma (Canada) Inc.","robots":{"index":"index","follow":"follow","max-snippet":"max-snippet:-1","max-image-preview":"max-image-preview:large","max-video-preview":"max-video-preview:-1"},"canonical":"https:\/\/www.natcopharma.ca\/about-us\/","og_locale":"fr_FR","og_type":"article","og_title":"[:en]About Us[:fr]\u00c0 propos de nous[:] - Natco Pharma (Canada) Inc.","og_description":"[vc_row][vc_column][vc_column_text] Natco Pharma (Canada) Inc. est la filiale canadienne de Natco Pharma Limit\u00e9e. Nous sommes une soci\u00e9t\u00e9 pharmaceutique \u00e0 int\u00e9gration verticale ax\u00e9e sur la R&amp;D et la fabrication de produits pharmaceutiques. NATCO est un fournisseur de confiance de m\u00e9dicaments, comme en t\u00e9moigne notre travail avec les plus grandes soci\u00e9t\u00e9s pharmaceutiques au monde. NATCO accorde la [&hellip;]","og_url":"https:\/\/www.natcopharma.ca\/about-us\/","og_site_name":"Natco Pharma (Canada) Inc.","article_modified_time":"2025-05-22T21:23:33+00:00","twitter_card":"summary_large_image","twitter_misc":{"Dur\u00e9e de lecture estim\u00e9e":"1 minute"},"schema":{"@context":"https:\/\/schema.org","@graph":[{"@type":"WebSite","@id":"https:\/\/www.natcopharma.ca\/#website","url":"https:\/\/www.natcopharma.ca\/","name":"Natco Pharma (Canada) Inc.","description":"Canada&#039;s High Quality Pharmaceutical Supplier","potentialAction":[{"@type":"SearchAction","target":{"@type":"EntryPoint","urlTemplate":"https:\/\/www.natcopharma.ca\/?s={search_term_string}"},"query-input":"required name=search_term_string"}],"inLanguage":"fr-FR"},{"@type":"WebPage","@id":"https:\/\/www.natcopharma.ca\/about-us\/#webpage","url":"https:\/\/www.natcopharma.ca\/about-us\/","name":"[:en]About Us[:fr]\u00c0 propos de nous[:] - Natco Pharma (Canada) Inc.","isPartOf":{"@id":"https:\/\/www.natcopharma.ca\/#website"},"datePublished":"2021-08-06T06:12:21+00:00","dateModified":"2025-05-22T21:23:33+00:00","breadcrumb":{"@id":"https:\/\/www.natcopharma.ca\/about-us\/#breadcrumb"},"inLanguage":"fr-FR","potentialAction":[{"@type":"ReadAction","target":["https:\/\/www.natcopharma.ca\/about-us\/"]}]},{"@type":"BreadcrumbList","@id":"https:\/\/www.natcopharma.ca\/about-us\/#breadcrumb","itemListElement":[{"@type":"ListItem","position":1,"name":"Home","item":"https:\/\/www.natcopharma.ca\/"},{"@type":"ListItem","position":2,"name":"About Us"}]}]}},"_links":{"self":[{"href":"https:\/\/www.natcopharma.ca\/fr\/wp-json\/wp\/v2\/pages\/606"}],"collection":[{"href":"https:\/\/www.natcopharma.ca\/fr\/wp-json\/wp\/v2\/pages"}],"about":[{"href":"https:\/\/www.natcopharma.ca\/fr\/wp-json\/wp\/v2\/types\/page"}],"author":[{"embeddable":true,"href":"https:\/\/www.natcopharma.ca\/fr\/wp-json\/wp\/v2\/users\/1"}],"replies":[{"embeddable":true,"href":"https:\/\/www.natcopharma.ca\/fr\/wp-json\/wp\/v2\/comments?post=606"}],"version-history":[{"count":59,"href":"https:\/\/www.natcopharma.ca\/fr\/wp-json\/wp\/v2\/pages\/606\/revisions"}],"predecessor-version":[{"id":2981,"href":"https:\/\/www.natcopharma.ca\/fr\/wp-json\/wp\/v2\/pages\/606\/revisions\/2981"}],"wp:attachment":[{"href":"https:\/\/www.natcopharma.ca\/fr\/wp-json\/wp\/v2\/media?parent=606"}],"curies":[{"name":"wp","href":"https:\/\/api.w.org\/{rel}","templated":true}]}}