{"id":699,"date":"2021-08-06T08:50:43","date_gmt":"2021-08-06T08:50:43","guid":{"rendered":"https:\/\/dev7710.marketing-aide.com\/?page_id=699"},"modified":"2021-08-30T14:39:07","modified_gmt":"2021-08-30T14:39:07","slug":"operations","status":"publish","type":"page","link":"https:\/\/www.natcopharma.ca\/fr\/operations\/","title":{"rendered":"Op\u00e9rations"},"content":{"rendered":"[vc_row][vc_column][vc_column_text]\n<h2 class=\"inner-h2\">Fabrication de classe mondiale<\/h2>\n<p>Chez NATCO, nous sommes fiers de la fabrication de haute qualit\u00e9 de nos installations de fabrication de classe mondiale. [\/vc_column_text][\/vc_column][\/vc_row][vc_row equal_height=\u00a0\u00bbyes\u00a0\u00bb content_placement=\u00a0\u00bbmiddle\u00a0\u00bb el_class=\u00a0\u00bboperations-ul\u00a0\u00bb][vc_column width=\u00a0\u00bb1\/2&Prime;][vc_column_text]<strong>Nos capacit\u00e9s de fabrication englobent : <\/strong><\/p>\n<ul class=\"inner-ul\">\n<li>Ingr\u00e9dients pharmaceutiques actifs (API)<\/li>\n<li>Formulations posologiques finies<\/li>\n<li>D\u00e9veloppement de formulations complexes<\/li>\n<\/ul>\n<p>Nos installations de fabrication \u00e0 la pointe de la technologie sont conformes aux bonnes pratiques de fabrication (cGMP) actuelles et sont approuv\u00e9es par les organismes de r\u00e9glementation nationaux et internationaux, notamment Sant\u00e9 Canada, la Food and Drug Administration des \u00c9tats-Unis, l&rsquo;Agence europ\u00e9enne des m\u00e9dicaments, l&rsquo;ANVISA et le COFEPRIS.<\/p>\n<p>La qualit\u00e9 sous-tend tout ce que nous faisons.[\/vc_column_text][\/vc_column][vc_column width=\u00a0\u00bb1\/2&Prime; el_class=\u00a0\u00bboperations-img\u00a0\u00bb][vc_single_image image=\u00a0\u00bb772&Prime; img_size=\u00a0\u00bbfull\u00a0\u00bb][\/vc_column][\/vc_row][vc_row][vc_column][vc_empty_space height=\u00a0\u00bb25px\u00a0\u00bb][\/vc_column][\/vc_row]","protected":false},"excerpt":{"rendered":"<p>[vc_row][vc_column][vc_column_text] Fabrication de classe mondiale Chez NATCO, nous sommes fiers de la fabrication de haute qualit\u00e9 de nos installations de fabrication de classe mondiale. [\/vc_column_text][\/vc_column][\/vc_row][vc_row equal_height=\u00a0\u00bbyes\u00a0\u00bb content_placement=\u00a0\u00bbmiddle\u00a0\u00bb el_class=\u00a0\u00bboperations-ul\u00a0\u00bb][vc_column width=\u00a0\u00bb1\/2&Prime;][vc_column_text]Nos capacit\u00e9s de fabrication englobent : Ingr\u00e9dients pharmaceutiques actifs (API) Formulations posologiques finies D\u00e9veloppement de formulations complexes Nos installations de fabrication \u00e0 la pointe de la technologie [&hellip;]<\/p>\n","protected":false},"author":1,"featured_media":0,"parent":0,"menu_order":0,"comment_status":"closed","ping_status":"closed","template":"","meta":[],"yoast_head":"<!-- This site is optimized with the Yoast SEO plugin v18.8 - https:\/\/yoast.com\/wordpress\/plugins\/seo\/ -->\n<title>Op\u00e9rations - Natco Pharma (Canada) Inc.<\/title>\n<meta name=\"robots\" content=\"index, follow, max-snippet:-1, max-image-preview:large, max-video-preview:-1\" \/>\n<link rel=\"canonical\" href=\"https:\/\/www.natcopharma.ca\/operations\/\" \/>\n<meta property=\"og:locale\" content=\"fr_FR\" \/>\n<meta property=\"og:type\" content=\"article\" \/>\n<meta property=\"og:title\" content=\"[:en]Operations[:fr]Op\u00e9rations[:] - Natco Pharma (Canada) Inc.\" \/>\n<meta property=\"og:description\" content=\"[vc_row][vc_column][vc_column_text] Fabrication de classe mondiale Chez NATCO, nous sommes fiers de la fabrication de haute qualit\u00e9 de nos installations de fabrication de classe mondiale. [\/vc_column_text][\/vc_column][\/vc_row][vc_row equal_height=\u00a0\u00bbyes\u00a0\u00bb content_placement=\u00a0\u00bbmiddle\u00a0\u00bb el_class=\u00a0\u00bboperations-ul\u00a0\u00bb][vc_column width=\u00a0\u00bb1\/2&Prime;][vc_column_text]Nos capacit\u00e9s de fabrication englobent : Ingr\u00e9dients pharmaceutiques actifs (API) Formulations posologiques finies D\u00e9veloppement de formulations complexes Nos installations de fabrication \u00e0 la pointe de la technologie [&hellip;]\" \/>\n<meta property=\"og:url\" content=\"https:\/\/www.natcopharma.ca\/operations\/\" \/>\n<meta property=\"og:site_name\" content=\"Natco Pharma (Canada) Inc.\" \/>\n<meta property=\"article:modified_time\" content=\"2021-08-30T14:39:07+00:00\" \/>\n<meta name=\"twitter:card\" content=\"summary_large_image\" \/>\n<meta name=\"twitter:label1\" content=\"Dur\u00e9e de lecture estim\u00e9e\" \/>\n\t<meta name=\"twitter:data1\" content=\"1 minute\" \/>\n<script type=\"application\/ld+json\" class=\"yoast-schema-graph\">{\"@context\":\"https:\/\/schema.org\",\"@graph\":[{\"@type\":\"WebSite\",\"@id\":\"https:\/\/www.natcopharma.ca\/#website\",\"url\":\"https:\/\/www.natcopharma.ca\/\",\"name\":\"Natco Pharma (Canada) Inc.\",\"description\":\"Canada&#039;s High Quality Pharmaceutical Supplier\",\"potentialAction\":[{\"@type\":\"SearchAction\",\"target\":{\"@type\":\"EntryPoint\",\"urlTemplate\":\"https:\/\/www.natcopharma.ca\/?s={search_term_string}\"},\"query-input\":\"required name=search_term_string\"}],\"inLanguage\":\"fr-FR\"},{\"@type\":\"WebPage\",\"@id\":\"https:\/\/www.natcopharma.ca\/operations\/#webpage\",\"url\":\"https:\/\/www.natcopharma.ca\/operations\/\",\"name\":\"[:en]Operations[:fr]Op\u00e9rations[:] - Natco Pharma (Canada) Inc.\",\"isPartOf\":{\"@id\":\"https:\/\/www.natcopharma.ca\/#website\"},\"datePublished\":\"2021-08-06T08:50:43+00:00\",\"dateModified\":\"2021-08-30T14:39:07+00:00\",\"breadcrumb\":{\"@id\":\"https:\/\/www.natcopharma.ca\/operations\/#breadcrumb\"},\"inLanguage\":\"fr-FR\",\"potentialAction\":[{\"@type\":\"ReadAction\",\"target\":[\"https:\/\/www.natcopharma.ca\/operations\/\"]}]},{\"@type\":\"BreadcrumbList\",\"@id\":\"https:\/\/www.natcopharma.ca\/operations\/#breadcrumb\",\"itemListElement\":[{\"@type\":\"ListItem\",\"position\":1,\"name\":\"Home\",\"item\":\"https:\/\/www.natcopharma.ca\/\"},{\"@type\":\"ListItem\",\"position\":2,\"name\":\"Operations\"}]}]}<\/script>\n<!-- \/ Yoast SEO plugin. -->","yoast_head_json":{"title":"[:en]Operations[:fr]Op\u00e9rations[:] - Natco Pharma (Canada) Inc.","robots":{"index":"index","follow":"follow","max-snippet":"max-snippet:-1","max-image-preview":"max-image-preview:large","max-video-preview":"max-video-preview:-1"},"canonical":"https:\/\/www.natcopharma.ca\/operations\/","og_locale":"fr_FR","og_type":"article","og_title":"[:en]Operations[:fr]Op\u00e9rations[:] - Natco Pharma (Canada) Inc.","og_description":"[vc_row][vc_column][vc_column_text] Fabrication de classe mondiale Chez NATCO, nous sommes fiers de la fabrication de haute qualit\u00e9 de nos installations de fabrication de classe mondiale. [\/vc_column_text][\/vc_column][\/vc_row][vc_row equal_height=\u00a0\u00bbyes\u00a0\u00bb content_placement=\u00a0\u00bbmiddle\u00a0\u00bb el_class=\u00a0\u00bboperations-ul\u00a0\u00bb][vc_column width=\u00a0\u00bb1\/2&Prime;][vc_column_text]Nos capacit\u00e9s de fabrication englobent : Ingr\u00e9dients pharmaceutiques actifs (API) Formulations posologiques finies D\u00e9veloppement de formulations complexes Nos installations de fabrication \u00e0 la pointe de la technologie [&hellip;]","og_url":"https:\/\/www.natcopharma.ca\/operations\/","og_site_name":"Natco Pharma (Canada) Inc.","article_modified_time":"2021-08-30T14:39:07+00:00","twitter_card":"summary_large_image","twitter_misc":{"Dur\u00e9e de lecture estim\u00e9e":"1 minute"},"schema":{"@context":"https:\/\/schema.org","@graph":[{"@type":"WebSite","@id":"https:\/\/www.natcopharma.ca\/#website","url":"https:\/\/www.natcopharma.ca\/","name":"Natco Pharma (Canada) Inc.","description":"Canada&#039;s High Quality Pharmaceutical Supplier","potentialAction":[{"@type":"SearchAction","target":{"@type":"EntryPoint","urlTemplate":"https:\/\/www.natcopharma.ca\/?s={search_term_string}"},"query-input":"required name=search_term_string"}],"inLanguage":"fr-FR"},{"@type":"WebPage","@id":"https:\/\/www.natcopharma.ca\/operations\/#webpage","url":"https:\/\/www.natcopharma.ca\/operations\/","name":"[:en]Operations[:fr]Op\u00e9rations[:] - Natco Pharma (Canada) Inc.","isPartOf":{"@id":"https:\/\/www.natcopharma.ca\/#website"},"datePublished":"2021-08-06T08:50:43+00:00","dateModified":"2021-08-30T14:39:07+00:00","breadcrumb":{"@id":"https:\/\/www.natcopharma.ca\/operations\/#breadcrumb"},"inLanguage":"fr-FR","potentialAction":[{"@type":"ReadAction","target":["https:\/\/www.natcopharma.ca\/operations\/"]}]},{"@type":"BreadcrumbList","@id":"https:\/\/www.natcopharma.ca\/operations\/#breadcrumb","itemListElement":[{"@type":"ListItem","position":1,"name":"Home","item":"https:\/\/www.natcopharma.ca\/"},{"@type":"ListItem","position":2,"name":"Operations"}]}]}},"_links":{"self":[{"href":"https:\/\/www.natcopharma.ca\/fr\/wp-json\/wp\/v2\/pages\/699"}],"collection":[{"href":"https:\/\/www.natcopharma.ca\/fr\/wp-json\/wp\/v2\/pages"}],"about":[{"href":"https:\/\/www.natcopharma.ca\/fr\/wp-json\/wp\/v2\/types\/page"}],"author":[{"embeddable":true,"href":"https:\/\/www.natcopharma.ca\/fr\/wp-json\/wp\/v2\/users\/1"}],"replies":[{"embeddable":true,"href":"https:\/\/www.natcopharma.ca\/fr\/wp-json\/wp\/v2\/comments?post=699"}],"version-history":[{"count":22,"href":"https:\/\/www.natcopharma.ca\/fr\/wp-json\/wp\/v2\/pages\/699\/revisions"}],"predecessor-version":[{"id":1958,"href":"https:\/\/www.natcopharma.ca\/fr\/wp-json\/wp\/v2\/pages\/699\/revisions\/1958"}],"wp:attachment":[{"href":"https:\/\/www.natcopharma.ca\/fr\/wp-json\/wp\/v2\/media?parent=699"}],"curies":[{"name":"wp","href":"https:\/\/api.w.org\/{rel}","templated":true}]}}