{"id":856,"date":"2021-08-13T02:20:21","date_gmt":"2021-08-13T02:20:21","guid":{"rendered":"https:\/\/dev7710.marketing-aide.com\/?page_id=856"},"modified":"2021-08-26T20:54:25","modified_gmt":"2021-08-26T20:54:25","slug":"our-products","status":"publish","type":"page","link":"https:\/\/www.natcopharma.ca\/fr\/our-products\/","title":{"rendered":"Nos produits"},"content":{"rendered":"<p class=\"qtranxs-available-languages-message qtranxs-available-languages-message-fr\">D\u00e9sol\u00e9, cet article est seulement disponible en <a href=\"https:\/\/www.natcopharma.ca\/en\/wp-json\/wp\/v2\/pages\/856\" class=\"qtranxs-available-language-link qtranxs-available-language-link-en\" title=\"English\">Anglais Am\u00e9ricain<\/a>.<\/p>","protected":false},"excerpt":{"rendered":"<p>D\u00e9sol\u00e9, cet article est seulement disponible en Anglais Am\u00e9ricain.<\/p>\n","protected":false},"author":1,"featured_media":0,"parent":0,"menu_order":0,"comment_status":"closed","ping_status":"closed","template":"our-product-page.php","meta":[],"yoast_head":"<!-- This site is optimized with the Yoast SEO plugin v18.8 - https:\/\/yoast.com\/wordpress\/plugins\/seo\/ -->\n<title>Nos produits - Natco Pharma (Canada) Inc.<\/title>\n<meta name=\"robots\" content=\"index, follow, max-snippet:-1, max-image-preview:large, max-video-preview:-1\" \/>\n<link rel=\"canonical\" href=\"https:\/\/www.natcopharma.ca\/our-products\/\" \/>\n<meta property=\"og:locale\" content=\"fr_FR\" \/>\n<meta property=\"og:type\" content=\"article\" \/>\n<meta property=\"og:title\" content=\"[:en]Our Products[:fr]Nos produits[:] - Natco Pharma (Canada) Inc.\" \/>\n<meta property=\"og:description\" content=\"D\u00e9sol\u00e9, cet article est seulement disponible en Anglais Am\u00e9ricain.\" \/>\n<meta property=\"og:url\" content=\"https:\/\/www.natcopharma.ca\/our-products\/\" \/>\n<meta property=\"og:site_name\" content=\"Natco Pharma (Canada) Inc.\" \/>\n<meta property=\"article:modified_time\" content=\"2021-08-26T20:54:25+00:00\" \/>\n<meta name=\"twitter:card\" content=\"summary_large_image\" \/>\n<meta name=\"twitter:label1\" content=\"Dur\u00e9e de lecture estim\u00e9e\" \/>\n\t<meta name=\"twitter:data1\" content=\"1 minute\" \/>\n<script type=\"application\/ld+json\" class=\"yoast-schema-graph\">{\"@context\":\"https:\/\/schema.org\",\"@graph\":[{\"@type\":\"WebSite\",\"@id\":\"https:\/\/www.natcopharma.ca\/#website\",\"url\":\"https:\/\/www.natcopharma.ca\/\",\"name\":\"Natco Pharma (Canada) Inc.\",\"description\":\"Canada&#039;s High Quality Pharmaceutical Supplier\",\"potentialAction\":[{\"@type\":\"SearchAction\",\"target\":{\"@type\":\"EntryPoint\",\"urlTemplate\":\"https:\/\/www.natcopharma.ca\/?s={search_term_string}\"},\"query-input\":\"required name=search_term_string\"}],\"inLanguage\":\"fr-FR\"},{\"@type\":\"WebPage\",\"@id\":\"https:\/\/www.natcopharma.ca\/our-products\/#webpage\",\"url\":\"https:\/\/www.natcopharma.ca\/our-products\/\",\"name\":\"[:en]Our Products[:fr]Nos produits[:] - Natco Pharma (Canada) Inc.\",\"isPartOf\":{\"@id\":\"https:\/\/www.natcopharma.ca\/#website\"},\"datePublished\":\"2021-08-13T02:20:21+00:00\",\"dateModified\":\"2021-08-26T20:54:25+00:00\",\"breadcrumb\":{\"@id\":\"https:\/\/www.natcopharma.ca\/our-products\/#breadcrumb\"},\"inLanguage\":\"fr-FR\",\"potentialAction\":[{\"@type\":\"ReadAction\",\"target\":[\"https:\/\/www.natcopharma.ca\/our-products\/\"]}]},{\"@type\":\"BreadcrumbList\",\"@id\":\"https:\/\/www.natcopharma.ca\/our-products\/#breadcrumb\",\"itemListElement\":[{\"@type\":\"ListItem\",\"position\":1,\"name\":\"Home\",\"item\":\"https:\/\/www.natcopharma.ca\/\"},{\"@type\":\"ListItem\",\"position\":2,\"name\":\"Our Products\"}]}]}<\/script>\n<!-- \/ Yoast SEO plugin. -->","yoast_head_json":{"title":"[:en]Our Products[:fr]Nos produits[:] - Natco Pharma (Canada) Inc.","robots":{"index":"index","follow":"follow","max-snippet":"max-snippet:-1","max-image-preview":"max-image-preview:large","max-video-preview":"max-video-preview:-1"},"canonical":"https:\/\/www.natcopharma.ca\/our-products\/","og_locale":"fr_FR","og_type":"article","og_title":"[:en]Our Products[:fr]Nos produits[:] - Natco Pharma (Canada) Inc.","og_description":"D\u00e9sol\u00e9, cet article est seulement disponible en Anglais Am\u00e9ricain.","og_url":"https:\/\/www.natcopharma.ca\/our-products\/","og_site_name":"Natco Pharma (Canada) Inc.","article_modified_time":"2021-08-26T20:54:25+00:00","twitter_card":"summary_large_image","twitter_misc":{"Dur\u00e9e de lecture estim\u00e9e":"1 minute"},"schema":{"@context":"https:\/\/schema.org","@graph":[{"@type":"WebSite","@id":"https:\/\/www.natcopharma.ca\/#website","url":"https:\/\/www.natcopharma.ca\/","name":"Natco Pharma (Canada) Inc.","description":"Canada&#039;s High Quality Pharmaceutical Supplier","potentialAction":[{"@type":"SearchAction","target":{"@type":"EntryPoint","urlTemplate":"https:\/\/www.natcopharma.ca\/?s={search_term_string}"},"query-input":"required name=search_term_string"}],"inLanguage":"fr-FR"},{"@type":"WebPage","@id":"https:\/\/www.natcopharma.ca\/our-products\/#webpage","url":"https:\/\/www.natcopharma.ca\/our-products\/","name":"[:en]Our Products[:fr]Nos produits[:] - Natco Pharma (Canada) Inc.","isPartOf":{"@id":"https:\/\/www.natcopharma.ca\/#website"},"datePublished":"2021-08-13T02:20:21+00:00","dateModified":"2021-08-26T20:54:25+00:00","breadcrumb":{"@id":"https:\/\/www.natcopharma.ca\/our-products\/#breadcrumb"},"inLanguage":"fr-FR","potentialAction":[{"@type":"ReadAction","target":["https:\/\/www.natcopharma.ca\/our-products\/"]}]},{"@type":"BreadcrumbList","@id":"https:\/\/www.natcopharma.ca\/our-products\/#breadcrumb","itemListElement":[{"@type":"ListItem","position":1,"name":"Home","item":"https:\/\/www.natcopharma.ca\/"},{"@type":"ListItem","position":2,"name":"Our Products"}]}]}},"_links":{"self":[{"href":"https:\/\/www.natcopharma.ca\/fr\/wp-json\/wp\/v2\/pages\/856"}],"collection":[{"href":"https:\/\/www.natcopharma.ca\/fr\/wp-json\/wp\/v2\/pages"}],"about":[{"href":"https:\/\/www.natcopharma.ca\/fr\/wp-json\/wp\/v2\/types\/page"}],"author":[{"embeddable":true,"href":"https:\/\/www.natcopharma.ca\/fr\/wp-json\/wp\/v2\/users\/1"}],"replies":[{"embeddable":true,"href":"https:\/\/www.natcopharma.ca\/fr\/wp-json\/wp\/v2\/comments?post=856"}],"version-history":[{"count":7,"href":"https:\/\/www.natcopharma.ca\/fr\/wp-json\/wp\/v2\/pages\/856\/revisions"}],"predecessor-version":[{"id":1738,"href":"https:\/\/www.natcopharma.ca\/fr\/wp-json\/wp\/v2\/pages\/856\/revisions\/1738"}],"wp:attachment":[{"href":"https:\/\/www.natcopharma.ca\/fr\/wp-json\/wp\/v2\/media?parent=856"}],"curies":[{"name":"wp","href":"https:\/\/api.w.org\/{rel}","templated":true}]}}